{"id":832,"date":"2023-02-14T20:59:26","date_gmt":"2023-02-14T19:59:26","guid":{"rendered":"https:\/\/www.hotelatriumnt.pl\/accueil\/"},"modified":"2025-09-22T12:45:38","modified_gmt":"2025-09-22T10:45:38","slug":"domicile","status":"publish","type":"page","link":"https:\/\/www.hotelatriumnt.pl\/fr\/","title":{"rendered":"Accueil-PL"},"content":{"rendered":"\t\t<div data-elementor-type=\"wp-page\" data-elementor-id=\"832\" class=\"elementor elementor-832 elementor-198\">\n\t\t\t\t\t\t<section class=\"elementor-section elementor-top-section elementor-element elementor-element-578cd5d4 elementor-section-height-min-height elementor-section-items-stretch elementor-section-content-middle elementor-section-full_width elementor-section-stretched elementor-section-height-default\" data-id=\"578cd5d4\" data-element_type=\"section\" data-e-type=\"section\" data-settings=\"{&quot;background_background&quot;:&quot;classic&quot;,&quot;stretch_section&quot;:&quot;section-stretched&quot;}\">\n\t\t\t\t\t\t<div class=\"elementor-container elementor-column-gap-no\">\n\t\t\t\t\t<div class=\"elementor-column elementor-col-100 elementor-top-column elementor-element elementor-element-4a444568\" data-id=\"4a444568\" data-element_type=\"column\" data-e-type=\"column\" data-settings=\"{&quot;background_background&quot;:&quot;classic&quot;}\">\n\t\t\t<div class=\"elementor-widget-wrap elementor-element-populated\">\n\t\t\t\t\t\t<div class=\"elementor-element elementor-element-77bc9c49 elementor-invisible elementor-widget elementor-widget-heading\" data-id=\"77bc9c49\" data-element_type=\"widget\" data-e-type=\"widget\" data-settings=\"{&quot;_animation&quot;:&quot;fadeIn&quot;}\" data-widget_type=\"heading.default\">\n\t\t\t\t<div class=\"elementor-widget-container\">\n\t\t\t\t\t<h1 class=\"elementor-heading-title elementor-size-default\">H\u00f4tel Atrium Nowy Tomy\u015bl<\/h1>\t\t\t\t<\/div>\n\t\t\t\t<\/div>\n\t\t\t\t<div class=\"elementor-element elementor-element-4d074d32 elementor-invisible elementor-widget elementor-widget-heading\" data-id=\"4d074d32\" data-element_type=\"widget\" data-e-type=\"widget\" data-settings=\"{&quot;_animation&quot;:&quot;fadeIn&quot;}\" data-widget_type=\"heading.default\">\n\t\t\t\t<div class=\"elementor-widget-container\">\n\t\t\t\t\t<h5 class=\"elementor-heading-title elementor-size-default\">Un lieu de s\u00e9jour id\u00e9al au c\u0153ur de Nowy Tomy\u015bl<\/h5>\t\t\t\t<\/div>\n\t\t\t\t<\/div>\n\t\t\t\t<div class=\"elementor-element elementor-element-72f9027f elementor-align-center elementor-invisible elementor-widget elementor-widget-button\" data-id=\"72f9027f\" data-element_type=\"widget\" data-e-type=\"widget\" data-settings=\"{&quot;_animation&quot;:&quot;fadeIn&quot;,&quot;_animation_delay&quot;:400}\" data-widget_type=\"button.default\">\n\t\t\t\t<div class=\"elementor-widget-container\">\n\t\t\t\t\t\t\t\t\t<div class=\"elementor-button-wrapper\">\n\t\t\t\t\t<a class=\"elementor-button elementor-button-link elementor-size-sm\" href=\"https:\/\/www.hotelatriumnt.pl\/fr\/booking\">\n\t\t\t\t\t\t<span class=\"elementor-button-content-wrapper\">\n\t\t\t\t\t\t\t\t\t<span class=\"elementor-button-text\">R\u00e9servation<\/span>\n\t\t\t\t\t<\/span>\n\t\t\t\t\t<\/a>\n\t\t\t\t<\/div>\n\t\t\t\t\t\t\t\t<\/div>\n\t\t\t\t<\/div>\n\t\t\t\t\t<\/div>\n\t\t<\/div>\n\t\t\t\t\t<\/div>\n\t\t<\/section>\n\t\t\t\t<section class=\"elementor-section elementor-top-section elementor-element elementor-element-7c48a67a elementor-section-boxed elementor-section-height-default elementor-section-height-default\" data-id=\"7c48a67a\" data-element_type=\"section\" data-e-type=\"section\">\n\t\t\t\t\t\t<div class=\"elementor-container elementor-column-gap-no\">\n\t\t\t\t\t<div class=\"elementor-column elementor-col-100 elementor-top-column elementor-element elementor-element-28847192\" data-id=\"28847192\" data-element_type=\"column\" data-e-type=\"column\">\n\t\t\t<div class=\"elementor-widget-wrap elementor-element-populated\">\n\t\t\t\t\t\t<div class=\"elementor-element elementor-element-79dd4772 elementor-widget elementor-widget-heading\" data-id=\"79dd4772\" data-element_type=\"widget\" data-e-type=\"widget\" data-widget_type=\"heading.default\">\n\t\t\t\t<div class=\"elementor-widget-container\">\n\t\t\t\t\t<h2 class=\"elementor-heading-title elementor-size-default\">Offre d'h\u00e9bergement<\/h2>\t\t\t\t<\/div>\n\t\t\t\t<\/div>\n\t\t\t\t<div class=\"elementor-element elementor-element-122a9413 elementor-widget elementor-widget-heading\" data-id=\"122a9413\" data-element_type=\"widget\" data-e-type=\"widget\" data-widget_type=\"heading.default\">\n\t\t\t\t<div class=\"elementor-widget-container\">\n\t\t\t\t\t<h5 class=\"elementor-heading-title elementor-size-default\">Nos clients peuvent choisir parmi les options d'h\u00e9bergement suivantes<\/h5>\t\t\t\t<\/div>\n\t\t\t\t<\/div>\n\t\t\t\t<section class=\"elementor-section elementor-inner-section elementor-element elementor-element-14f2a158 elementor-section-full_width elementor-section-height-default elementor-section-height-default\" data-id=\"14f2a158\" data-element_type=\"section\" data-e-type=\"section\">\n\t\t\t\t\t\t<div class=\"elementor-container elementor-column-gap-no\">\n\t\t\t\t\t<div class=\"elementor-column elementor-col-33 elementor-inner-column elementor-element elementor-element-454cdd6f\" data-id=\"454cdd6f\" data-element_type=\"column\" data-e-type=\"column\">\n\t\t\t<div class=\"elementor-widget-wrap elementor-element-populated\">\n\t\t\t\t\t\t<div class=\"elementor-element elementor-element-42154ae4 elementor-position-top elementor-widget elementor-widget-image-box\" data-id=\"42154ae4\" data-element_type=\"widget\" data-e-type=\"widget\" data-widget_type=\"image-box.default\">\n\t\t\t\t<div class=\"elementor-widget-container\">\n\t\t\t\t\t<div class=\"elementor-image-box-wrapper\"><figure class=\"elementor-image-box-img\"><img fetchpriority=\"high\" decoding=\"async\" width=\"768\" height=\"510\" src=\"https:\/\/www.hotelatriumnt.pl\/wp-content\/uploads\/2023\/12\/hotel-atrium-pok1.webp\" class=\"elementor-animation-grow attachment-medium_large size-medium_large wp-image-1356\" alt=\"Hotel Atrium Nowy Tomy\u015bl - Chambre\" srcset=\"https:\/\/www.hotelatriumnt.pl\/wp-content\/uploads\/2023\/12\/hotel-atrium-pok1.webp 768w, https:\/\/www.hotelatriumnt.pl\/wp-content\/uploads\/2023\/12\/hotel-atrium-pok1-300x199.webp 300w\" sizes=\"(max-width: 768px) 100vw, 768px\" \/><\/figure><div class=\"elementor-image-box-content\"><h4 class=\"elementor-image-box-title\">Chambre \u00e0 1 lit<\/h4><\/div><\/div>\t\t\t\t<\/div>\n\t\t\t\t<\/div>\n\t\t\t\t<div class=\"elementor-element elementor-element-b65d763 elementor-widget elementor-widget-text-editor\" data-id=\"b65d763\" data-element_type=\"widget\" data-e-type=\"widget\" data-widget_type=\"text-editor.default\">\n\t\t\t\t<div class=\"elementor-widget-container\">\n\t\t\t\t\t\t\t\t\t<p style=\"text-align: center;\"><br>Chambre standard<strong>Prix : 240 z\u0142<\/strong><\/p>\t\t\t\t\t\t\t\t<\/div>\n\t\t\t\t<\/div>\n\t\t\t\t\t<\/div>\n\t\t<\/div>\n\t\t\t\t<div class=\"elementor-column elementor-col-33 elementor-inner-column elementor-element elementor-element-2bf9d533\" data-id=\"2bf9d533\" data-element_type=\"column\" data-e-type=\"column\">\n\t\t\t<div class=\"elementor-widget-wrap elementor-element-populated\">\n\t\t\t\t\t\t<div class=\"elementor-element elementor-element-611f3d52 elementor-position-top elementor-widget elementor-widget-image-box\" data-id=\"611f3d52\" data-element_type=\"widget\" data-e-type=\"widget\" data-widget_type=\"image-box.default\">\n\t\t\t\t<div class=\"elementor-widget-container\">\n\t\t\t\t\t<div class=\"elementor-image-box-wrapper\"><figure class=\"elementor-image-box-img\"><img decoding=\"async\" width=\"768\" height=\"510\" src=\"https:\/\/www.hotelatriumnt.pl\/wp-content\/uploads\/2023\/12\/hotel-atrium-pok2.webp\" class=\"elementor-animation-grow attachment-medium_large size-medium_large wp-image-1361\" alt=\"Hotel Atrium Nowy Tomy\u015bl - Chambre\" srcset=\"https:\/\/www.hotelatriumnt.pl\/wp-content\/uploads\/2023\/12\/hotel-atrium-pok2.webp 768w, https:\/\/www.hotelatriumnt.pl\/wp-content\/uploads\/2023\/12\/hotel-atrium-pok2-300x199.webp 300w\" sizes=\"(max-width: 768px) 100vw, 768px\" \/><\/figure><div class=\"elementor-image-box-content\"><h4 class=\"elementor-image-box-title\">Chambre pour 2 personnes<\/h4><\/div><\/div>\t\t\t\t<\/div>\n\t\t\t\t<\/div>\n\t\t\t\t<div class=\"elementor-element elementor-element-4201f69 elementor-widget elementor-widget-text-editor\" data-id=\"4201f69\" data-element_type=\"widget\" data-e-type=\"widget\" data-widget_type=\"text-editor.default\">\n\t\t\t\t<div class=\"elementor-widget-container\">\n\t\t\t\t\t\t\t\t\t<p style=\"text-align: center;\"><br>Chambre standard<strong>Prix : 300 z\u0142<\/strong><\/p>\t\t\t\t\t\t\t\t<\/div>\n\t\t\t\t<\/div>\n\t\t\t\t\t<\/div>\n\t\t<\/div>\n\t\t\t\t<div class=\"elementor-column elementor-col-33 elementor-inner-column elementor-element elementor-element-6477b9c7\" data-id=\"6477b9c7\" data-element_type=\"column\" data-e-type=\"column\">\n\t\t\t<div class=\"elementor-widget-wrap elementor-element-populated\">\n\t\t\t\t\t\t<div class=\"elementor-element elementor-element-3501aadc elementor-position-top elementor-widget elementor-widget-image-box\" data-id=\"3501aadc\" data-element_type=\"widget\" data-e-type=\"widget\" data-widget_type=\"image-box.default\">\n\t\t\t\t<div class=\"elementor-widget-container\">\n\t\t\t\t\t<div class=\"elementor-image-box-wrapper\"><figure class=\"elementor-image-box-img\"><img decoding=\"async\" width=\"768\" height=\"510\" src=\"https:\/\/www.hotelatriumnt.pl\/wp-content\/uploads\/2023\/12\/hotel-atrium-pok3.webp\" class=\"elementor-animation-grow attachment-medium_large size-medium_large wp-image-1366\" alt=\"Hotel Atrium Nowy Tomy\u015bl - Chambre\" srcset=\"https:\/\/www.hotelatriumnt.pl\/wp-content\/uploads\/2023\/12\/hotel-atrium-pok3.webp 768w, https:\/\/www.hotelatriumnt.pl\/wp-content\/uploads\/2023\/12\/hotel-atrium-pok3-300x199.webp 300w\" sizes=\"(max-width: 768px) 100vw, 768px\" \/><\/figure><div class=\"elementor-image-box-content\"><h4 class=\"elementor-image-box-title\">Chambre pour 3 personnes<\/h4><\/div><\/div>\t\t\t\t<\/div>\n\t\t\t\t<\/div>\n\t\t\t\t<div class=\"elementor-element elementor-element-d519f75 elementor-widget elementor-widget-text-editor\" data-id=\"d519f75\" data-element_type=\"widget\" data-e-type=\"widget\" data-widget_type=\"text-editor.default\">\n\t\t\t\t<div class=\"elementor-widget-container\">\n\t\t\t\t\t\t\t\t\t<p style=\"text-align: center;\"><br>Chambre standard<strong>Prix : 340 z\u0142<\/strong><\/p>\t\t\t\t\t\t\t\t<\/div>\n\t\t\t\t<\/div>\n\t\t\t\t\t<\/div>\n\t\t<\/div>\n\t\t\t\t\t<\/div>\n\t\t<\/section>\n\t\t\t\t\t<\/div>\n\t\t<\/div>\n\t\t\t\t\t<\/div>\n\t\t<\/section>\n\t\t\t\t<section class=\"elementor-section elementor-top-section elementor-element elementor-element-c5dda71 elementor-section-boxed elementor-section-height-default elementor-section-height-default\" data-id=\"c5dda71\" data-element_type=\"section\" data-e-type=\"section\">\n\t\t\t\t\t\t<div class=\"elementor-container elementor-column-gap-default\">\n\t\t\t\t\t<div class=\"elementor-column elementor-col-100 elementor-top-column elementor-element elementor-element-4f4c12f\" data-id=\"4f4c12f\" data-element_type=\"column\" data-e-type=\"column\">\n\t\t\t<div class=\"elementor-widget-wrap elementor-element-populated\">\n\t\t\t\t\t\t<div class=\"elementor-element elementor-element-57b06507 elementor-align-center elementor-invisible elementor-widget elementor-widget-button\" data-id=\"57b06507\" data-element_type=\"widget\" data-e-type=\"widget\" data-settings=\"{&quot;_animation&quot;:&quot;fadeIn&quot;}\" data-widget_type=\"button.default\">\n\t\t\t\t<div class=\"elementor-widget-container\">\n\t\t\t\t\t\t\t\t\t<div class=\"elementor-button-wrapper\">\n\t\t\t\t\t<a class=\"elementor-button elementor-button-link elementor-size-sm\" href=\"https:\/\/www.hotelatriumnt.pl\/fr\/booking\">\n\t\t\t\t\t\t<span class=\"elementor-button-content-wrapper\">\n\t\t\t\t\t\t\t\t\t<span class=\"elementor-button-text\">R\u00e9servation<\/span>\n\t\t\t\t\t<\/span>\n\t\t\t\t\t<\/a>\n\t\t\t\t<\/div>\n\t\t\t\t\t\t\t\t<\/div>\n\t\t\t\t<\/div>\n\t\t\t\t<div class=\"elementor-element elementor-element-d0b32c5 elementor-widget elementor-widget-spacer\" data-id=\"d0b32c5\" data-element_type=\"widget\" data-e-type=\"widget\" data-widget_type=\"spacer.default\">\n\t\t\t\t<div class=\"elementor-widget-container\">\n\t\t\t\t\t\t\t<div class=\"elementor-spacer\">\n\t\t\t<div class=\"elementor-spacer-inner\"><\/div>\n\t\t<\/div>\n\t\t\t\t\t\t<\/div>\n\t\t\t\t<\/div>\n\t\t\t\t\t<\/div>\n\t\t<\/div>\n\t\t\t\t\t<\/div>\n\t\t<\/section>\n\t\t\t\t<section class=\"elementor-section elementor-top-section elementor-element elementor-element-086b133 elementor-section-full_width elementor-section-stretched elementor-section-height-default elementor-section-height-default\" data-id=\"086b133\" data-element_type=\"section\" data-e-type=\"section\" data-settings=\"{&quot;stretch_section&quot;:&quot;section-stretched&quot;,&quot;background_background&quot;:&quot;classic&quot;}\">\n\t\t\t\t\t\t<div class=\"elementor-container elementor-column-gap-default\">\n\t\t\t\t\t<div class=\"elementor-column elementor-col-100 elementor-top-column elementor-element elementor-element-f518519\" data-id=\"f518519\" data-element_type=\"column\" data-e-type=\"column\" data-settings=\"{&quot;background_background&quot;:&quot;classic&quot;}\">\n\t\t\t<div class=\"elementor-widget-wrap elementor-element-populated\">\n\t\t\t\t\t\t<section class=\"elementor-section elementor-inner-section elementor-element elementor-element-9a048cc elementor-section-boxed elementor-section-height-default elementor-section-height-default\" data-id=\"9a048cc\" data-element_type=\"section\" data-e-type=\"section\" data-settings=\"{&quot;background_background&quot;:&quot;classic&quot;}\">\n\t\t\t\t\t\t<div class=\"elementor-container elementor-column-gap-default\">\n\t\t\t\t\t<div class=\"elementor-column elementor-col-50 elementor-inner-column elementor-element elementor-element-a75f5cd\" data-id=\"a75f5cd\" data-element_type=\"column\" data-e-type=\"column\" data-settings=\"{&quot;background_background&quot;:&quot;classic&quot;}\">\n\t\t\t<div class=\"elementor-widget-wrap elementor-element-populated\">\n\t\t\t\t\t\t<div class=\"elementor-element elementor-element-e18f26b elementor-widget elementor-widget-heading\" data-id=\"e18f26b\" data-element_type=\"widget\" data-e-type=\"widget\" data-widget_type=\"heading.default\">\n\t\t\t\t<div class=\"elementor-widget-container\">\n\t\t\t\t\t<h2 class=\"elementor-heading-title elementor-size-default\">Salles de r\u00e9union<\/h2>\t\t\t\t<\/div>\n\t\t\t\t<\/div>\n\t\t\t\t<div class=\"elementor-element elementor-element-f8d7577 elementor-widget elementor-widget-spacer\" data-id=\"f8d7577\" data-element_type=\"widget\" data-e-type=\"widget\" data-widget_type=\"spacer.default\">\n\t\t\t\t<div class=\"elementor-widget-container\">\n\t\t\t\t\t\t\t<div class=\"elementor-spacer\">\n\t\t\t<div class=\"elementor-spacer-inner\"><\/div>\n\t\t<\/div>\n\t\t\t\t\t\t<\/div>\n\t\t\t\t<\/div>\n\t\t\t\t<div class=\"elementor-element elementor-element-34ecbc5 elementor-widget elementor-widget-heading\" data-id=\"34ecbc5\" data-element_type=\"widget\" data-e-type=\"widget\" data-widget_type=\"heading.default\">\n\t\t\t\t<div class=\"elementor-widget-container\">\n\t\t\t\t\t<h5 class=\"elementor-heading-title elementor-size-default\">Nous disposons de 2 salles pour les r\u00e9unions et les pr\u00e9sentations<\/h5>\t\t\t\t<\/div>\n\t\t\t\t<\/div>\n\t\t\t\t<div class=\"elementor-element elementor-element-c566981 elementor-widget elementor-widget-spacer\" data-id=\"c566981\" data-element_type=\"widget\" data-e-type=\"widget\" data-widget_type=\"spacer.default\">\n\t\t\t\t<div class=\"elementor-widget-container\">\n\t\t\t\t\t\t\t<div class=\"elementor-spacer\">\n\t\t\t<div class=\"elementor-spacer-inner\"><\/div>\n\t\t<\/div>\n\t\t\t\t\t\t<\/div>\n\t\t\t\t<\/div>\n\t\t\t\t<div class=\"elementor-element elementor-element-8ba9b4f elementor-widget elementor-widget-text-editor\" data-id=\"8ba9b4f\" data-element_type=\"widget\" data-e-type=\"widget\" data-widget_type=\"text-editor.default\">\n\t\t\t\t<div class=\"elementor-widget-container\">\n\t\t\t\t\t\t\t\t\t<p>L&rsquo;h\u00f4tel Atrium se distingue par sa capacit\u00e9 \u00e0 accueillir des r\u00e9unions d&rsquo;affaires, des cours de formation et des pr\u00e9sentations.<\/p><p>Pour les personnes qui louent la salle de conf\u00e9rence, nous proposons \u00e9galement une pause-caf\u00e9 et un d\u00e9jeuner.<\/p>\t\t\t\t\t\t\t\t<\/div>\n\t\t\t\t<\/div>\n\t\t\t\t<div class=\"elementor-element elementor-element-146b68b elementor-align-center elementor-invisible elementor-widget elementor-widget-button\" data-id=\"146b68b\" data-element_type=\"widget\" data-e-type=\"widget\" data-settings=\"{&quot;_animation&quot;:&quot;fadeIn&quot;}\" data-widget_type=\"button.default\">\n\t\t\t\t<div class=\"elementor-widget-container\">\n\t\t\t\t\t\t\t\t\t<div class=\"elementor-button-wrapper\">\n\t\t\t\t\t<a class=\"elementor-button elementor-button-link elementor-size-sm\" href=\"http:\/\/www.hotelatriumnt.pl\/pl\/sale-konferencyjne-hotel-atrium\/\">\n\t\t\t\t\t\t<span class=\"elementor-button-content-wrapper\">\n\t\t\t\t\t\t\t\t\t<span class=\"elementor-button-text\">Lire la suite<\/span>\n\t\t\t\t\t<\/span>\n\t\t\t\t\t<\/a>\n\t\t\t\t<\/div>\n\t\t\t\t\t\t\t\t<\/div>\n\t\t\t\t<\/div>\n\t\t\t\t\t<\/div>\n\t\t<\/div>\n\t\t\t\t<div class=\"elementor-column elementor-col-50 elementor-inner-column elementor-element elementor-element-d00c3b7\" data-id=\"d00c3b7\" data-element_type=\"column\" data-e-type=\"column\" data-settings=\"{&quot;background_background&quot;:&quot;classic&quot;}\">\n\t\t\t<div class=\"elementor-widget-wrap elementor-element-populated\">\n\t\t\t\t\t\t<div class=\"elementor-element elementor-element-1fa614a elementor-widget elementor-widget-image\" data-id=\"1fa614a\" data-element_type=\"widget\" data-e-type=\"widget\" data-widget_type=\"image.default\">\n\t\t\t\t<div class=\"elementor-widget-container\">\n\t\t\t\t\t\t\t\t\t\t\t\t\t\t\t<img loading=\"lazy\" decoding=\"async\" width=\"700\" height=\"467\" src=\"https:\/\/www.hotelatriumnt.pl\/wp-content\/uploads\/2023\/12\/hotel-atrium-konferencje.webp\" class=\"attachment-full size-full wp-image-1346\" alt=\"Hotel Atrium Nowy Tomy\u015bl - Conf\u00e9rences\" srcset=\"https:\/\/www.hotelatriumnt.pl\/wp-content\/uploads\/2023\/12\/hotel-atrium-konferencje.webp 700w, https:\/\/www.hotelatriumnt.pl\/wp-content\/uploads\/2023\/12\/hotel-atrium-konferencje-300x200.webp 300w\" sizes=\"(max-width: 700px) 100vw, 700px\" \/>\t\t\t\t\t\t\t\t\t\t\t\t\t\t\t<\/div>\n\t\t\t\t<\/div>\n\t\t\t\t\t<\/div>\n\t\t<\/div>\n\t\t\t\t\t<\/div>\n\t\t<\/section>\n\t\t\t\t\t<\/div>\n\t\t<\/div>\n\t\t\t\t\t<\/div>\n\t\t<\/section>\n\t\t\t\t<section class=\"elementor-section elementor-top-section elementor-element elementor-element-66770873 elementor-section-content-middle elementor-reverse-mobile elementor-section-height-min-height elementor-section-items-stretch elementor-reverse-tablet elementor-section-boxed elementor-section-height-default\" data-id=\"66770873\" data-element_type=\"section\" data-e-type=\"section\">\n\t\t\t\t\t\t<div class=\"elementor-container elementor-column-gap-no\">\n\t\t\t\t\t<div class=\"elementor-column elementor-col-50 elementor-top-column elementor-element elementor-element-1e652aa6\" data-id=\"1e652aa6\" data-element_type=\"column\" data-e-type=\"column\" data-settings=\"{&quot;background_background&quot;:&quot;classic&quot;}\">\n\t\t\t<div class=\"elementor-widget-wrap elementor-element-populated\">\n\t\t\t\t\t\t<div class=\"elementor-element elementor-element-3e36b00 elementor-widget elementor-widget-image\" data-id=\"3e36b00\" data-element_type=\"widget\" data-e-type=\"widget\" data-widget_type=\"image.default\">\n\t\t\t\t<div class=\"elementor-widget-container\">\n\t\t\t\t\t\t\t\t\t\t\t\t\t\t\t<img loading=\"lazy\" decoding=\"async\" width=\"768\" height=\"510\" src=\"https:\/\/www.hotelatriumnt.pl\/wp-content\/uploads\/2023\/12\/hotel-nowy-tomysl.webp\" class=\"attachment-medium_large size-medium_large wp-image-1407\" alt=\"H\u00f4tel Atrium Nowy Tomy\u015bl\" srcset=\"https:\/\/www.hotelatriumnt.pl\/wp-content\/uploads\/2023\/12\/hotel-nowy-tomysl.webp 768w, https:\/\/www.hotelatriumnt.pl\/wp-content\/uploads\/2023\/12\/hotel-nowy-tomysl-300x199.webp 300w\" sizes=\"(max-width: 768px) 100vw, 768px\" \/>\t\t\t\t\t\t\t\t\t\t\t\t\t\t\t<\/div>\n\t\t\t\t<\/div>\n\t\t\t\t\t<\/div>\n\t\t<\/div>\n\t\t\t\t<div class=\"elementor-column elementor-col-50 elementor-top-column elementor-element elementor-element-3297ea38\" data-id=\"3297ea38\" data-element_type=\"column\" data-e-type=\"column\">\n\t\t\t<div class=\"elementor-widget-wrap elementor-element-populated\">\n\t\t\t\t\t\t<div class=\"elementor-element elementor-element-5852d8b elementor-widget elementor-widget-heading\" data-id=\"5852d8b\" data-element_type=\"widget\" data-e-type=\"widget\" data-widget_type=\"heading.default\">\n\t\t\t\t<div class=\"elementor-widget-container\">\n\t\t\t\t\t<h2 class=\"elementor-heading-title elementor-size-default\">H\u00f4tel Atrium<\/h2>\t\t\t\t<\/div>\n\t\t\t\t<\/div>\n\t\t\t\t<div class=\"elementor-element elementor-element-267bc601 elementor-widget elementor-widget-text-editor\" data-id=\"267bc601\" data-element_type=\"widget\" data-e-type=\"widget\" data-widget_type=\"text-editor.default\">\n\t\t\t\t<div class=\"elementor-widget-container\">\n\t\t\t\t\t\t\t\t\t<p><br>L&rsquo;un des seuls h\u00f4tels situ\u00e9s dans la Grande Pologne et \u00e0 5 km de la sortie de l&rsquo;autoroute A2 vous invite au c\u0153ur de Nowy Tomy\u015bl.<\/p><p>Avec un savant m\u00e9lange de magie et de finesse sensuelle, les int\u00e9rieurs modernes de l&rsquo;h\u00f4tel offrent un confort et un s\u00e9jour luxueux.<\/p><p>L&rsquo;architecture de cet h\u00f4tel sans pareil, qui incorpore des touches de style Art-D\u00e9co parisien, transporte nos h\u00f4tes dans un pays de chic et d&rsquo;\u00e9l\u00e9gance \u00e0 la fran\u00e7aise.<\/p><p>L&rsquo;h\u00f4tel Atrium*** dispose de 20 chambres confortables, du restaurant \u00ab\u00a0Piano Cafe\u00a0\u00bb et d&rsquo;une salle de conf\u00e9rence.<\/p><p>Notre hospitalit\u00e9 et notre engagement font du s\u00e9jour de nos h\u00f4tes un \u00e9v\u00e9nement individuel et inoubliable.<\/p><p>La propri\u00e9t\u00e9 fait l&rsquo;objet d&rsquo;une protection contre le vol 24 heures sur 24. Il est interdit de fumer dans l&rsquo;ensemble des locaux.<\/p>\t\t\t\t\t\t\t\t<\/div>\n\t\t\t\t<\/div>\n\t\t\t\t<div class=\"elementor-element elementor-element-d60a1c9 elementor-widget elementor-widget-image\" data-id=\"d60a1c9\" data-element_type=\"widget\" data-e-type=\"widget\" data-widget_type=\"image.default\">\n\t\t\t\t<div class=\"elementor-widget-container\">\n\t\t\t\t\t\t\t\t\t\t\t\t\t\t\t<img loading=\"lazy\" decoding=\"async\" width=\"785\" height=\"63\" src=\"https:\/\/www.hotelatriumnt.pl\/wp-content\/uploads\/2024\/04\/accessibility.webp\" class=\"attachment-large size-large wp-image-1639\" alt=\"\" srcset=\"https:\/\/www.hotelatriumnt.pl\/wp-content\/uploads\/2024\/04\/accessibility.webp 785w, https:\/\/www.hotelatriumnt.pl\/wp-content\/uploads\/2024\/04\/accessibility-300x24.webp 300w, https:\/\/www.hotelatriumnt.pl\/wp-content\/uploads\/2024\/04\/accessibility-768x62.webp 768w\" sizes=\"(max-width: 785px) 100vw, 785px\" \/>\t\t\t\t\t\t\t\t\t\t\t\t\t\t\t<\/div>\n\t\t\t\t<\/div>\n\t\t\t\t\t<\/div>\n\t\t<\/div>\n\t\t\t\t\t<\/div>\n\t\t<\/section>\n\t\t\t\t<\/div>\n\t\t","protected":false},"excerpt":{"rendered":"<p>H\u00f4tel Atrium Nowy Tomy\u015bl Un lieu de s\u00e9jour id\u00e9al au c\u0153ur de Nowy Tomy\u015bl R\u00e9servation Offre d&rsquo;h\u00e9bergement Nos clients peuvent choisir parmi les options d&rsquo;h\u00e9bergement&hellip;<\/p>\n","protected":false},"author":1,"featured_media":0,"parent":0,"menu_order":0,"comment_status":"closed","ping_status":"closed","template":"elementor_header_footer","meta":{"ngg_post_thumbnail":0,"footnotes":""},"class_list":["post-832","page","type-page","status-publish","hentry"],"_links":{"self":[{"href":"https:\/\/www.hotelatriumnt.pl\/fr\/wp-json\/wp\/v2\/pages\/832","targetHints":{"allow":["GET"]}}],"collection":[{"href":"https:\/\/www.hotelatriumnt.pl\/fr\/wp-json\/wp\/v2\/pages"}],"about":[{"href":"https:\/\/www.hotelatriumnt.pl\/fr\/wp-json\/wp\/v2\/types\/page"}],"author":[{"embeddable":true,"href":"https:\/\/www.hotelatriumnt.pl\/fr\/wp-json\/wp\/v2\/users\/1"}],"replies":[{"embeddable":true,"href":"https:\/\/www.hotelatriumnt.pl\/fr\/wp-json\/wp\/v2\/comments?post=832"}],"version-history":[{"count":80,"href":"https:\/\/www.hotelatriumnt.pl\/fr\/wp-json\/wp\/v2\/pages\/832\/revisions"}],"predecessor-version":[{"id":2013,"href":"https:\/\/www.hotelatriumnt.pl\/fr\/wp-json\/wp\/v2\/pages\/832\/revisions\/2013"}],"wp:attachment":[{"href":"https:\/\/www.hotelatriumnt.pl\/fr\/wp-json\/wp\/v2\/media?parent=832"}],"curies":[{"name":"wp","href":"https:\/\/api.w.org\/{rel}","templated":true}]}}